{"id":7133,"date":"2022-03-22T17:06:25","date_gmt":"2022-03-22T17:06:25","guid":{"rendered":"https:\/\/www.fundacioolgatorres.org\/copyright\/"},"modified":"2022-03-22T17:06:27","modified_gmt":"2022-03-22T17:06:27","slug":"copyright","status":"publish","type":"page","link":"https:\/\/www.fundacioolgatorres.org\/es\/copyright\/","title":{"rendered":"Copyright"},"content":{"rendered":"\t\t<div data-elementor-type=\"wp-page\" data-elementor-id=\"7133\" class=\"elementor elementor-7133 elementor-3120\" data-elementor-post-type=\"page\">\n\t\t\t\t\t\t<section class=\"elementor-section elementor-top-section elementor-element elementor-element-9b60e6b elementor-section-boxed elementor-section-height-default elementor-section-height-default\" data-id=\"9b60e6b\" data-element_type=\"section\" data-e-type=\"section\">\n\t\t\t\t\t\t<div class=\"elementor-container elementor-column-gap-default\">\n\t\t\t\t\t<div class=\"elementor-column elementor-col-100 elementor-top-column elementor-element elementor-element-2321505\" data-id=\"2321505\" data-element_type=\"column\" data-e-type=\"column\">\n\t\t\t<div class=\"elementor-widget-wrap elementor-element-populated\">\n\t\t\t\t\t\t<div class=\"elementor-element elementor-element-e11f28b elementor-widget elementor-widget-spacer\" data-id=\"e11f28b\" data-element_type=\"widget\" data-e-type=\"widget\" data-widget_type=\"spacer.default\">\n\t\t\t\t<div class=\"elementor-widget-container\">\n\t\t\t\t\t\t\t<div class=\"elementor-spacer\">\n\t\t\t<div class=\"elementor-spacer-inner\"><\/div>\n\t\t<\/div>\n\t\t\t\t\t\t<\/div>\n\t\t\t\t<\/div>\n\t\t\t\t\t<\/div>\n\t\t<\/div>\n\t\t\t\t\t<\/div>\n\t\t<\/section>\n\t\t\t\t<section class=\"elementor-section elementor-top-section elementor-element elementor-element-cb89c5c elementor-section-boxed elementor-section-height-default elementor-section-height-default\" data-id=\"cb89c5c\" data-element_type=\"section\" data-e-type=\"section\">\n\t\t\t\t\t\t<div class=\"elementor-container elementor-column-gap-default\">\n\t\t\t\t\t<div class=\"elementor-column elementor-col-100 elementor-top-column elementor-element elementor-element-e3c013a\" data-id=\"e3c013a\" data-element_type=\"column\" data-e-type=\"column\">\n\t\t\t<div class=\"elementor-widget-wrap elementor-element-populated\">\n\t\t\t\t\t\t<div class=\"elementor-element elementor-element-6e5dab7 elementor-widget elementor-widget-heading\" data-id=\"6e5dab7\" data-element_type=\"widget\" data-e-type=\"widget\" data-widget_type=\"heading.default\">\n\t\t\t\t<div class=\"elementor-widget-container\">\n\t\t\t\t\t<h2 class=\"elementor-heading-title elementor-size-default\"> Copyright<\/h2>\t\t\t\t<\/div>\n\t\t\t\t<\/div>\n\t\t\t\t\t<\/div>\n\t\t<\/div>\n\t\t\t\t\t<\/div>\n\t\t<\/section>\n\t\t\t\t<section class=\"elementor-section elementor-top-section elementor-element elementor-element-22d89b1 elementor-section-boxed elementor-section-height-default elementor-section-height-default\" data-id=\"22d89b1\" data-element_type=\"section\" data-e-type=\"section\">\n\t\t\t\t\t\t<div class=\"elementor-container elementor-column-gap-default\">\n\t\t\t\t\t<div class=\"elementor-column elementor-col-100 elementor-top-column elementor-element elementor-element-2a7df3f\" data-id=\"2a7df3f\" data-element_type=\"column\" data-e-type=\"column\">\n\t\t\t<div class=\"elementor-widget-wrap elementor-element-populated\">\n\t\t\t\t\t\t<div class=\"elementor-element elementor-element-ab6a7f6 elementor-widget elementor-widget-text-editor\" data-id=\"ab6a7f6\" data-element_type=\"widget\" data-e-type=\"widget\" data-widget_type=\"text-editor.default\">\n\t\t\t\t<div class=\"elementor-widget-container\">\n\t\t\t\t\t\t\t\t\t<p>El contenido de estas p\u00e1ginas web est\u00e1 sujeto a lo que dispone la normativa vigente espa\u00f1ola reguladora de la propiedad intelectual.<\/p><p>El contenido de esta p\u00e1gina web, en cualquiera de sus formatos (texto, imagen, ficheros, etc.), estructura, dise\u00f1o y forma de presentaci\u00f3n, as\u00ed como los programas de ordenador utilizados para su creaci\u00f3n y posterior funcionamiento son objeto de licencia o de derechos de propiedad intelectual, de los que es titular la FOT.<\/p><p>El contenido de este website no podr\u00e1 ser reproducido, modificado, distribuido, comunicado p\u00fablicamente ni almacenado sin autorizaci\u00f3n previa de la FOT.<\/p><p>El uso indebido del contenido de este web podr\u00e1 ser considerado una infracci\u00f3n de las normas reguladoras de la propiedad intelectual.<\/p><p>Los usuarios deben abstenerse de obtener o intentar obtener los contenidos del web de la FOT utilizando medios o procedimientos diferentes de los que sean puestos a disposici\u00f3n o sean indicados para este efecto en las p\u00e1ginas web donde se encuentren estos contenidos.<\/p>\t\t\t\t\t\t\t\t<\/div>\n\t\t\t\t<\/div>\n\t\t\t\t\t<\/div>\n\t\t<\/div>\n\t\t\t\t\t<\/div>\n\t\t<\/section>\n\t\t\t\t<section class=\"elementor-section elementor-top-section elementor-element elementor-element-b0f7309 elementor-section-boxed elementor-section-height-default elementor-section-height-default\" data-id=\"b0f7309\" data-element_type=\"section\" data-e-type=\"section\">\n\t\t\t\t\t\t<div class=\"elementor-container elementor-column-gap-default\">\n\t\t\t\t\t<div class=\"elementor-column elementor-col-100 elementor-top-column elementor-element elementor-element-e2f29fa\" data-id=\"e2f29fa\" data-element_type=\"column\" data-e-type=\"column\">\n\t\t\t<div class=\"elementor-widget-wrap elementor-element-populated\">\n\t\t\t\t\t\t<div class=\"elementor-element elementor-element-f50c1b4 elementor-widget elementor-widget-spacer\" data-id=\"f50c1b4\" data-element_type=\"widget\" data-e-type=\"widget\" data-widget_type=\"spacer.default\">\n\t\t\t\t<div class=\"elementor-widget-container\">\n\t\t\t\t\t\t\t<div class=\"elementor-spacer\">\n\t\t\t<div class=\"elementor-spacer-inner\"><\/div>\n\t\t<\/div>\n\t\t\t\t\t\t<\/div>\n\t\t\t\t<\/div>\n\t\t\t\t\t<\/div>\n\t\t<\/div>\n\t\t\t\t\t<\/div>\n\t\t<\/section>\n\t\t\t\t<\/div>\n\t\t","protected":false},"excerpt":{"rendered":"<p>Copyright El contenido de estas p\u00e1ginas web est\u00e1 sujeto a lo que dispone la normativa vigente espa\u00f1ola reguladora de la propiedad intelectual. El contenido de esta p\u00e1gina web, en cualquiera de sus formatos (texto, imagen, ficheros, etc.), estructura, dise\u00f1o y forma de presentaci\u00f3n, as\u00ed como los programas de ordenador utilizados para su creaci\u00f3n y posterior [&hellip;]<\/p>\n","protected":false},"author":1,"featured_media":0,"parent":0,"menu_order":0,"comment_status":"closed","ping_status":"closed","template":"","meta":{"give_campaign_id":0,"footnotes":""},"class_list":["post-7133","page","type-page","status-publish","hentry"],"campaignId":"","_links":{"self":[{"href":"https:\/\/www.fundacioolgatorres.org\/es\/wp-json\/wp\/v2\/pages\/7133","targetHints":{"allow":["GET"]}}],"collection":[{"href":"https:\/\/www.fundacioolgatorres.org\/es\/wp-json\/wp\/v2\/pages"}],"about":[{"href":"https:\/\/www.fundacioolgatorres.org\/es\/wp-json\/wp\/v2\/types\/page"}],"author":[{"embeddable":true,"href":"https:\/\/www.fundacioolgatorres.org\/es\/wp-json\/wp\/v2\/users\/1"}],"replies":[{"embeddable":true,"href":"https:\/\/www.fundacioolgatorres.org\/es\/wp-json\/wp\/v2\/comments?post=7133"}],"version-history":[{"count":0,"href":"https:\/\/www.fundacioolgatorres.org\/es\/wp-json\/wp\/v2\/pages\/7133\/revisions"}],"wp:attachment":[{"href":"https:\/\/www.fundacioolgatorres.org\/es\/wp-json\/wp\/v2\/media?parent=7133"}],"curies":[{"name":"wp","href":"https:\/\/api.w.org\/{rel}","templated":true}]}}