{"id":5654,"date":"2022-03-09T14:52:14","date_gmt":"2022-03-09T14:52:14","guid":{"rendered":"https:\/\/www.fundacioolgatorres.org\/dr-joaquim-bellmunt-molins\/"},"modified":"2022-03-16T15:37:48","modified_gmt":"2022-03-16T15:37:48","slug":"dr-joaquim-bellmunt-molins","status":"publish","type":"page","link":"https:\/\/www.fundacioolgatorres.org\/es\/dr-joaquim-bellmunt-molins\/","title":{"rendered":"Dr Joaquim Bellmunt Molins"},"content":{"rendered":"\t\t<div data-elementor-type=\"wp-page\" data-elementor-id=\"5654\" class=\"elementor elementor-5654 elementor-5642\" data-elementor-post-type=\"page\">\n\t\t\t\t\t\t<section class=\"elementor-section elementor-top-section elementor-element elementor-element-40f4acc elementor-section-boxed elementor-section-height-default elementor-section-height-default\" data-id=\"40f4acc\" data-element_type=\"section\" data-e-type=\"section\">\n\t\t\t\t\t\t<div class=\"elementor-container elementor-column-gap-default\">\n\t\t\t\t\t<div class=\"elementor-column elementor-col-100 elementor-top-column elementor-element elementor-element-1a254c0\" data-id=\"1a254c0\" data-element_type=\"column\" data-e-type=\"column\">\n\t\t\t<div class=\"elementor-widget-wrap elementor-element-populated\">\n\t\t\t\t\t\t<div class=\"elementor-element elementor-element-7e765ff elementor-widget elementor-widget-spacer\" data-id=\"7e765ff\" data-element_type=\"widget\" data-e-type=\"widget\" data-widget_type=\"spacer.default\">\n\t\t\t\t<div class=\"elementor-widget-container\">\n\t\t\t\t\t\t\t<div class=\"elementor-spacer\">\n\t\t\t<div class=\"elementor-spacer-inner\"><\/div>\n\t\t<\/div>\n\t\t\t\t\t\t<\/div>\n\t\t\t\t<\/div>\n\t\t\t\t\t<\/div>\n\t\t<\/div>\n\t\t\t\t\t<\/div>\n\t\t<\/section>\n\t\t\t\t<section class=\"elementor-section elementor-top-section elementor-element elementor-element-e99e4e0 elementor-section-boxed elementor-section-height-default elementor-section-height-default\" data-id=\"e99e4e0\" data-element_type=\"section\" data-e-type=\"section\">\n\t\t\t\t\t\t<div class=\"elementor-container elementor-column-gap-default\">\n\t\t\t\t\t<div class=\"elementor-column elementor-col-50 elementor-top-column elementor-element elementor-element-4f2946f\" data-id=\"4f2946f\" data-element_type=\"column\" data-e-type=\"column\">\n\t\t\t<div class=\"elementor-widget-wrap elementor-element-populated\">\n\t\t\t\t\t\t<div class=\"elementor-element elementor-element-712e5c0 elementor-hidden-mobile elementor-widget elementor-widget-spacer\" data-id=\"712e5c0\" data-element_type=\"widget\" data-e-type=\"widget\" data-widget_type=\"spacer.default\">\n\t\t\t\t<div class=\"elementor-widget-container\">\n\t\t\t\t\t\t\t<div class=\"elementor-spacer\">\n\t\t\t<div class=\"elementor-spacer-inner\"><\/div>\n\t\t<\/div>\n\t\t\t\t\t\t<\/div>\n\t\t\t\t<\/div>\n\t\t\t\t<div class=\"elementor-element elementor-element-d3c93a4 elementor-widget elementor-widget-heading\" data-id=\"d3c93a4\" data-element_type=\"widget\" data-e-type=\"widget\" data-widget_type=\"heading.default\">\n\t\t\t\t<div class=\"elementor-widget-container\">\n\t\t\t\t\t<h2 class=\"elementor-heading-title elementor-size-default\">Dr. Joaquim Bellmunt Molins<\/h2>\t\t\t\t<\/div>\n\t\t\t\t<\/div>\n\t\t\t\t<div class=\"elementor-element elementor-element-4b49ab2 elementor-widget elementor-widget-heading\" data-id=\"4b49ab2\" data-element_type=\"widget\" data-e-type=\"widget\" data-widget_type=\"heading.default\">\n\t\t\t\t<div class=\"elementor-widget-container\">\n\t\t\t\t\t<h2 class=\"elementor-heading-title elementor-size-large\">Doctor en medicina y cirug\u00eda<br>\nOnc\u00f3logo<\/h2>\t\t\t\t<\/div>\n\t\t\t\t<\/div>\n\t\t\t\t\t<\/div>\n\t\t<\/div>\n\t\t\t\t<div class=\"elementor-column elementor-col-50 elementor-top-column elementor-element elementor-element-392cb82\" data-id=\"392cb82\" data-element_type=\"column\" data-e-type=\"column\">\n\t\t\t<div class=\"elementor-widget-wrap elementor-element-populated\">\n\t\t\t\t\t\t<div class=\"elementor-element elementor-element-af96d9b elementor-widget elementor-widget-image\" data-id=\"af96d9b\" data-element_type=\"widget\" data-e-type=\"widget\" data-widget_type=\"image.default\">\n\t\t\t\t<div class=\"elementor-widget-container\">\n\t\t\t\t\t\t\t\t\t\t\t\t\t\t\t<img fetchpriority=\"high\" decoding=\"async\" width=\"300\" height=\"375\" src=\"https:\/\/www.fundacioolgatorres.org\/wp-content\/uploads\/2022\/02\/dr-joaquim-belmunt-patronat-organigrama.jpg\" class=\"attachment-large size-large wp-image-4724\" alt=\"\" srcset=\"https:\/\/www.fundacioolgatorres.org\/wp-content\/uploads\/2022\/02\/dr-joaquim-belmunt-patronat-organigrama.jpg 300w, https:\/\/www.fundacioolgatorres.org\/wp-content\/uploads\/2022\/02\/dr-joaquim-belmunt-patronat-organigrama-240x300.jpg 240w\" sizes=\"(max-width: 300px) 100vw, 300px\" \/>\t\t\t\t\t\t\t\t\t\t\t\t\t\t\t<\/div>\n\t\t\t\t<\/div>\n\t\t\t\t\t<\/div>\n\t\t<\/div>\n\t\t\t\t\t<\/div>\n\t\t<\/section>\n\t\t\t\t<section class=\"elementor-section elementor-top-section elementor-element elementor-element-ef7d2d9 elementor-section-boxed elementor-section-height-default elementor-section-height-default\" data-id=\"ef7d2d9\" data-element_type=\"section\" data-e-type=\"section\">\n\t\t\t\t\t\t<div class=\"elementor-container elementor-column-gap-default\">\n\t\t\t\t\t<div class=\"elementor-column elementor-col-100 elementor-top-column elementor-element elementor-element-1c0c85c\" data-id=\"1c0c85c\" data-element_type=\"column\" data-e-type=\"column\">\n\t\t\t<div class=\"elementor-widget-wrap elementor-element-populated\">\n\t\t\t\t\t\t<div class=\"elementor-element elementor-element-166939c elementor-widget elementor-widget-text-editor\" data-id=\"166939c\" data-element_type=\"widget\" data-e-type=\"widget\" data-widget_type=\"text-editor.default\">\n\t\t\t\t<div class=\"elementor-widget-container\">\n\t\t\t\t\t\t\t\t\t<p><strong>Formaci\u00f3n<\/strong><strong> y trayectoria profesional <\/strong><\/p><p>El Dr. Bellmunt se licenci\u00f3 en Medicina y Cirug\u00eda en la Universidad Aut\u00f3noma de Barcelona en 1982 y se doctor\u00f3 cum laude en 1989, en la misma universidad. Realiz\u00f3 la residencia en Oncolog\u00eda M\u00e9dica en el Hospital Vall d&#8217;Hebron en Barcelona. Complet\u00f3 su formaci\u00f3n obteniendo el Certificado Europeo en Oncolog\u00eda M\u00e9dica en Londres en 1989 y con estancias en el Servicio de Inmunolog\u00eda Cl\u00ednica, Divisi\u00f3n de Oncolog\u00eda M\u00e9dica y Departamento de Inmunopatolog\u00eda del Memorial Sloan-Kettering Cancer Center de Nueva York en 1987 y 1989. Tras completar la residencia, se uni\u00f3 al Servicio de Oncolog\u00eda M\u00e9dica del Hospital Vall d&#8217;Hebron como responsable de la Unidad de Urooncol\u00f3gica. En enero de 2006 fue nombrado Jefe de la Secci\u00f3n de Tumores S\u00f3lidos del Servicio de Oncolog\u00eda M\u00e9dica del Hospital del Mar en Barcelona. Desde 2008 y fruto de su colaboraci\u00f3n con el Dana Farber Cancer Institute (DFCI), hasta finales de 2012 ha sido Visiting Profesor de la Universidad de Harvard, Boston. Visiting Profesor de la Universidad de Harvard, Boston. En el marco de 2013 fue nombrado director del Blader Cancer Clinic del DFCI, Harvard, Boston (EE.UU.) y Associate Profesor de Harvard Medical School. Sin embargo durante el tiempo en que fue director del Instituto de Investigaci\u00f3n del Hospital del Mar (IMIM 2016-2019) ha sido Profesor de Medicina de la Universidad Pompeu Fabra de Barcelona. Actualmente es el director del Bladder Cancer Program en el Beth Israel Deaconess de Boston manteniendo su filiaci\u00f3n acad\u00e9mica como profesor asociado con la Harvard Medical School.<\/p><p><strong>Actividad profesional<\/strong><\/p><p>Sus \u00e1reas de inter\u00e9s en investigaci\u00f3n est\u00e1n en la oncolog\u00eda cl\u00ednica genito-urinaria, focalizado en el desarrollo de los f\u00e1rmacos dirigidos a nuevas dianas terap\u00e9uticas y la investigaci\u00f3n traslacional en el \u00e1mbito de la inmunoterapia y de los receptores de factores de crecimiento y la angiog\u00e9nesis, entre otros, como objetivos en la terapia del c\u00e1ncer. Dirige ensayos internacionales multic\u00e9ntricos de nuevos f\u00e1rmacos inmunoter\u00e1picos en el tratamiento del c\u00e1ncer de pr\u00f3stata, ri\u00f1\u00f3n y vejiga. Ha coordinado el estudio de intergrupo en c\u00e1ncer transicional avanzado (EORTC 30987). Trabaja en el desarrollo cl\u00ednico de varios agentes y combinaciones nuevas y es miembro del advisory board de numerosas terapias en la lucha contra el c\u00e1ncer. Es miembro de la Sociedad Americana para la Investigaci\u00f3n del C\u00e1ncer (AACR), de la Asociaci\u00f3n Americana de Oncolog\u00eda Cl\u00ednica (ASCO), de la Asociaci\u00f3n Europea de Oncolog\u00eda M\u00e9dica (ESMO) y de la Sociedad Espa\u00f1ola de Oncolog\u00eda M\u00e9dica (SEOM). Participa como asesor experto en la elaboraci\u00f3n y desarrollo de las Oncogu\u00edas del CatSalut de la Generalitat de Catalunya. Forma parte del Comit\u00e9 Cient\u00edfico del Congreso Americano de la American Society of Clinical Oncology \u2013Genitourinary (ASCO-GU) donde realiza conferencias y es Faculty Member. Ha sido presidente del Comit\u00e9 de C\u00e1ncer de Vejiga Avanzado en la Organizaci\u00f3n Europea para la Investigaci\u00f3n y el Tratamiento del C\u00e1ncer (EORTC) y consultor del Grupo Genito-Urinari (EORTC-GU) desde el a\u00f1o 2000. Es cofundador y ha sido presidente del Grupo Espa\u00f1ol de Tratamiento de Tumores Genito-Urinarios (SOGUG).\u00a0 Tambi\u00e9n es Profesor de Medicina de la Universidad Pompeu Fabra de Barcelona y asesor editorial de las publicaciones Journal of Clinical Oncology, Annals of Oncology, European Urology, European Journal of Cancer, British Journal of Urology Int. y Journal of Urology, entre otras. El Dr. Joaquim Bellmunt ha publicado m\u00e1s de 350 art\u00edculos arbitrados y m\u00e1s de 340 comunicaciones en congresos y cap\u00edtulos de libro.\u00a0<\/p>\t\t\t\t\t\t\t\t<\/div>\n\t\t\t\t<\/div>\n\t\t\t\t\t<\/div>\n\t\t<\/div>\n\t\t\t\t\t<\/div>\n\t\t<\/section>\n\t\t\t\t<section class=\"elementor-section elementor-top-section elementor-element elementor-element-1d5843a elementor-section-boxed elementor-section-height-default elementor-section-height-default\" data-id=\"1d5843a\" data-element_type=\"section\" data-e-type=\"section\">\n\t\t\t\t\t\t<div class=\"elementor-container elementor-column-gap-default\">\n\t\t\t\t\t<div class=\"elementor-column elementor-col-100 elementor-top-column elementor-element elementor-element-15a29fc\" data-id=\"15a29fc\" data-element_type=\"column\" data-e-type=\"column\">\n\t\t\t<div class=\"elementor-widget-wrap elementor-element-populated\">\n\t\t\t\t\t\t<div class=\"elementor-element elementor-element-440c109 elementor-widget elementor-widget-spacer\" data-id=\"440c109\" data-element_type=\"widget\" data-e-type=\"widget\" data-widget_type=\"spacer.default\">\n\t\t\t\t<div class=\"elementor-widget-container\">\n\t\t\t\t\t\t\t<div class=\"elementor-spacer\">\n\t\t\t<div class=\"elementor-spacer-inner\"><\/div>\n\t\t<\/div>\n\t\t\t\t\t\t<\/div>\n\t\t\t\t<\/div>\n\t\t\t\t\t<\/div>\n\t\t<\/div>\n\t\t\t\t\t<\/div>\n\t\t<\/section>\n\t\t\t\t<section class=\"elementor-section elementor-top-section elementor-element elementor-element-53f846e elementor-section-boxed elementor-section-height-default elementor-section-height-default\" data-id=\"53f846e\" data-element_type=\"section\" data-e-type=\"section\">\n\t\t\t\t\t\t<div class=\"elementor-container elementor-column-gap-default\">\n\t\t\t\t\t<div class=\"elementor-column elementor-col-100 elementor-top-column elementor-element elementor-element-082b16a\" data-id=\"082b16a\" data-element_type=\"column\" data-e-type=\"column\">\n\t\t\t<div class=\"elementor-widget-wrap\">\n\t\t\t\t\t\t\t<\/div>\n\t\t<\/div>\n\t\t\t\t\t<\/div>\n\t\t<\/section>\n\t\t\t\t<\/div>\n\t\t","protected":false},"excerpt":{"rendered":"<p>Dr. Joaquim Bellmunt Molins Doctor en medicina y cirug\u00eda Onc\u00f3logo Formaci\u00f3n y trayectoria profesional El Dr. Bellmunt se licenci\u00f3 en Medicina y Cirug\u00eda en la Universidad Aut\u00f3noma de Barcelona en 1982 y se doctor\u00f3 cum laude en 1989, en la misma universidad. Realiz\u00f3 la residencia en Oncolog\u00eda M\u00e9dica en el Hospital Vall d&#8217;Hebron en Barcelona. [&hellip;]<\/p>\n","protected":false},"author":1,"featured_media":0,"parent":0,"menu_order":0,"comment_status":"closed","ping_status":"closed","template":"","meta":{"give_campaign_id":0,"footnotes":""},"class_list":["post-5654","page","type-page","status-publish","hentry"],"campaignId":"","_links":{"self":[{"href":"https:\/\/www.fundacioolgatorres.org\/es\/wp-json\/wp\/v2\/pages\/5654","targetHints":{"allow":["GET"]}}],"collection":[{"href":"https:\/\/www.fundacioolgatorres.org\/es\/wp-json\/wp\/v2\/pages"}],"about":[{"href":"https:\/\/www.fundacioolgatorres.org\/es\/wp-json\/wp\/v2\/types\/page"}],"author":[{"embeddable":true,"href":"https:\/\/www.fundacioolgatorres.org\/es\/wp-json\/wp\/v2\/users\/1"}],"replies":[{"embeddable":true,"href":"https:\/\/www.fundacioolgatorres.org\/es\/wp-json\/wp\/v2\/comments?post=5654"}],"version-history":[{"count":0,"href":"https:\/\/www.fundacioolgatorres.org\/es\/wp-json\/wp\/v2\/pages\/5654\/revisions"}],"wp:attachment":[{"href":"https:\/\/www.fundacioolgatorres.org\/es\/wp-json\/wp\/v2\/media?parent=5654"}],"curies":[{"name":"wp","href":"https:\/\/api.w.org\/{rel}","templated":true}]}}