{"id":5487,"date":"2022-03-08T15:24:02","date_gmt":"2022-03-08T15:24:02","guid":{"rendered":"https:\/\/www.fundacioolgatorres.org\/metodos-diagnosticos\/"},"modified":"2022-03-08T15:24:03","modified_gmt":"2022-03-08T15:24:03","slug":"metodos-diagnosticos","status":"publish","type":"page","link":"https:\/\/www.fundacioolgatorres.org\/es\/metodos-diagnosticos\/","title":{"rendered":"M\u00e9todos Diagn\u00f3sticos"},"content":{"rendered":"\t\t<div data-elementor-type=\"wp-page\" data-elementor-id=\"5487\" class=\"elementor elementor-5487 elementor-1699\" data-elementor-post-type=\"page\">\n\t\t\t\t\t\t<section class=\"elementor-section elementor-top-section elementor-element elementor-element-40f4acc elementor-section-boxed elementor-section-height-default elementor-section-height-default\" data-id=\"40f4acc\" data-element_type=\"section\" data-e-type=\"section\">\n\t\t\t\t\t\t<div class=\"elementor-container elementor-column-gap-default\">\n\t\t\t\t\t<div class=\"elementor-column elementor-col-100 elementor-top-column elementor-element elementor-element-1a254c0\" data-id=\"1a254c0\" data-element_type=\"column\" data-e-type=\"column\">\n\t\t\t<div class=\"elementor-widget-wrap elementor-element-populated\">\n\t\t\t\t\t\t<div class=\"elementor-element elementor-element-7e765ff elementor-widget elementor-widget-spacer\" data-id=\"7e765ff\" data-element_type=\"widget\" data-e-type=\"widget\" data-widget_type=\"spacer.default\">\n\t\t\t\t<div class=\"elementor-widget-container\">\n\t\t\t\t\t\t\t<div class=\"elementor-spacer\">\n\t\t\t<div class=\"elementor-spacer-inner\"><\/div>\n\t\t<\/div>\n\t\t\t\t\t\t<\/div>\n\t\t\t\t<\/div>\n\t\t\t\t\t<\/div>\n\t\t<\/div>\n\t\t\t\t\t<\/div>\n\t\t<\/section>\n\t\t\t\t<section class=\"elementor-section elementor-top-section elementor-element elementor-element-5ec11b0 elementor-section-boxed elementor-section-height-default elementor-section-height-default\" data-id=\"5ec11b0\" data-element_type=\"section\" data-e-type=\"section\">\n\t\t\t\t\t\t<div class=\"elementor-container elementor-column-gap-default\">\n\t\t\t\t\t<div class=\"elementor-column elementor-col-100 elementor-top-column elementor-element elementor-element-db5ff56\" data-id=\"db5ff56\" data-element_type=\"column\" data-e-type=\"column\">\n\t\t\t<div class=\"elementor-widget-wrap elementor-element-populated\">\n\t\t\t\t\t\t<div class=\"elementor-element elementor-element-d3c93a4 elementor-widget elementor-widget-heading\" data-id=\"d3c93a4\" data-element_type=\"widget\" data-e-type=\"widget\" data-widget_type=\"heading.default\">\n\t\t\t\t<div class=\"elementor-widget-container\">\n\t\t\t\t\t<h2 class=\"elementor-heading-title elementor-size-default\">M\u00e9todos Diagn\u00f3sticos<\/h2>\t\t\t\t<\/div>\n\t\t\t\t<\/div>\n\t\t\t\t\t<\/div>\n\t\t<\/div>\n\t\t\t\t\t<\/div>\n\t\t<\/section>\n\t\t\t\t<section class=\"elementor-section elementor-top-section elementor-element elementor-element-bfdc948 elementor-section-boxed elementor-section-height-default elementor-section-height-default\" data-id=\"bfdc948\" data-element_type=\"section\" data-e-type=\"section\">\n\t\t\t\t\t\t<div class=\"elementor-container elementor-column-gap-default\">\n\t\t\t\t\t<div class=\"elementor-column elementor-col-100 elementor-top-column elementor-element elementor-element-1ce114e\" data-id=\"1ce114e\" data-element_type=\"column\" data-e-type=\"column\">\n\t\t\t<div class=\"elementor-widget-wrap elementor-element-populated\">\n\t\t\t\t\t\t<div class=\"elementor-element elementor-element-143c127 elementor-widget elementor-widget-heading\" data-id=\"143c127\" data-element_type=\"widget\" data-e-type=\"widget\" data-widget_type=\"heading.default\">\n\t\t\t\t<div class=\"elementor-widget-container\">\n\t\t\t\t\t<h2 class=\"elementor-heading-title elementor-size-large\">Autor\/es: Dr. Javier Nebreda, Dra. Dolores Maluenda Colomer\n<\/h2>\t\t\t\t<\/div>\n\t\t\t\t<\/div>\n\t\t\t\t\t<\/div>\n\t\t<\/div>\n\t\t\t\t\t<\/div>\n\t\t<\/section>\n\t\t\t\t<section class=\"elementor-section elementor-top-section elementor-element elementor-element-1d5843a elementor-section-boxed elementor-section-height-default elementor-section-height-default\" data-id=\"1d5843a\" data-element_type=\"section\" data-e-type=\"section\">\n\t\t\t\t\t\t<div class=\"elementor-container elementor-column-gap-default\">\n\t\t\t\t\t<div class=\"elementor-column elementor-col-100 elementor-top-column elementor-element elementor-element-15a29fc\" data-id=\"15a29fc\" data-element_type=\"column\" data-e-type=\"column\">\n\t\t\t<div class=\"elementor-widget-wrap elementor-element-populated\">\n\t\t\t\t\t\t<div class=\"elementor-element elementor-element-440c109 elementor-widget elementor-widget-spacer\" data-id=\"440c109\" data-element_type=\"widget\" data-e-type=\"widget\" data-widget_type=\"spacer.default\">\n\t\t\t\t<div class=\"elementor-widget-container\">\n\t\t\t\t\t\t\t<div class=\"elementor-spacer\">\n\t\t\t<div class=\"elementor-spacer-inner\"><\/div>\n\t\t<\/div>\n\t\t\t\t\t\t<\/div>\n\t\t\t\t<\/div>\n\t\t\t\t\t<\/div>\n\t\t<\/div>\n\t\t\t\t\t<\/div>\n\t\t<\/section>\n\t\t\t\t<section class=\"elementor-section elementor-top-section elementor-element elementor-element-2395c9a elementor-section-boxed elementor-section-height-default elementor-section-height-default\" data-id=\"2395c9a\" data-element_type=\"section\" data-e-type=\"section\">\n\t\t\t\t\t\t<div class=\"elementor-container elementor-column-gap-default\">\n\t\t\t\t\t<div class=\"elementor-column elementor-col-100 elementor-top-column elementor-element elementor-element-248cd3f\" data-id=\"248cd3f\" data-element_type=\"column\" data-e-type=\"column\">\n\t\t\t<div class=\"elementor-widget-wrap elementor-element-populated\">\n\t\t\t\t\t\t<div class=\"elementor-element elementor-element-4bc2329 elementor-widget elementor-widget-heading\" data-id=\"4bc2329\" data-element_type=\"widget\" data-e-type=\"widget\" id=\"sigmoidoscopia\" data-widget_type=\"heading.default\">\n\t\t\t\t<div class=\"elementor-widget-container\">\n\t\t\t\t\t<h2 class=\"elementor-heading-title elementor-size-default\">Sigmoidoscopia flexible<\/h2>\t\t\t\t<\/div>\n\t\t\t\t<\/div>\n\t\t\t\t<div class=\"elementor-element elementor-element-fe580b2 elementor-widget elementor-widget-text-editor\" data-id=\"fe580b2\" data-element_type=\"widget\" data-e-type=\"widget\" data-widget_type=\"text-editor.default\">\n\t\t\t\t<div class=\"elementor-widget-container\">\n\t\t\t\t\t\t\t\t\t<p>Esta t\u00e9cnica consiste en introducir un tubo delgado con luz a trav\u00e9s del recto hasta unos 60 cent\u00edmetros en busca de p\u00f3lipos, \u00e1reas anormales y c\u00e1ncer. Esta t\u00e9cnica permite diagnosticar m\u00e1s de la mitad de todos los c\u00e1nceres de colon y tomar biopsias de tejidos en caso necesario.<br>Es una t\u00e9cnica radiol\u00f3gica que permite ver la silueta del colon despu\u00e9s de la introducci\u00f3n de un contraste baritado por el recto.<\/p><p>El enema de bario es una alternativa razonable, aunque menos eficaz, \u00fatil si no se dispone de colonoscopia \u2013convencional o virtual\u2013 o si el paciente no debe ser sometido a la sedaci\u00f3n. Sin embargo, en el caso de detectar un p\u00f3lipo no se podr\u00e1 realizar la extirpaci\u00f3n inmediata durante la prueba, como ocurre durante la colonoscopia.<\/p><p> <\/p>\t\t\t\t\t\t\t\t<\/div>\n\t\t\t\t<\/div>\n\t\t\t\t\t<\/div>\n\t\t<\/div>\n\t\t\t\t\t<\/div>\n\t\t<\/section>\n\t\t\t\t<section class=\"elementor-section elementor-top-section elementor-element elementor-element-8dd681f elementor-section-boxed elementor-section-height-default elementor-section-height-default\" data-id=\"8dd681f\" data-element_type=\"section\" data-e-type=\"section\">\n\t\t\t\t\t\t<div class=\"elementor-container elementor-column-gap-default\">\n\t\t\t\t\t<div class=\"elementor-column elementor-col-100 elementor-top-column elementor-element elementor-element-89debf8\" data-id=\"89debf8\" data-element_type=\"column\" data-e-type=\"column\">\n\t\t\t<div class=\"elementor-widget-wrap elementor-element-populated\">\n\t\t\t\t\t\t<div class=\"elementor-element elementor-element-708b70e elementor-widget elementor-widget-heading\" data-id=\"708b70e\" data-element_type=\"widget\" data-e-type=\"widget\" id=\"enema\" data-widget_type=\"heading.default\">\n\t\t\t\t<div class=\"elementor-widget-container\">\n\t\t\t\t\t<h2 class=\"elementor-heading-title elementor-size-default\">Enema opaco<\/h2>\t\t\t\t<\/div>\n\t\t\t\t<\/div>\n\t\t\t\t<div class=\"elementor-element elementor-element-b1d3969 elementor-widget elementor-widget-text-editor\" data-id=\"b1d3969\" data-element_type=\"widget\" data-e-type=\"widget\" data-widget_type=\"text-editor.default\">\n\t\t\t\t<div class=\"elementor-widget-container\">\n\t\t\t\t\t\t\t\t\t<p style=\"font-weight: 400;\">Es una t\u00e9cnica radiol\u00f3gica que permite ver la silueta del colon despu\u00e9s de la introducci\u00f3n de un contraste baritado por el recto. <\/p><p style=\"font-weight: 400;\">El enema de bario es una alternativa razonable, aunque menos eficaz, \u00fatil si no se dispone de colonoscopia \u2013convencional o virtual- o si el paciente no debe ser sometido a la sedaci\u00f3n.<\/p><p style=\"font-weight: 400;\">No obstante, en el caso de detectar un p\u00f3lipo, no podr\u00e1 realizarse la extirpaci\u00f3n inmediata del mismo durante la prueba, tal como ocurre durante la colonoscopia.<\/p>\t\t\t\t\t\t\t\t<\/div>\n\t\t\t\t<\/div>\n\t\t\t\t\t<\/div>\n\t\t<\/div>\n\t\t\t\t\t<\/div>\n\t\t<\/section>\n\t\t\t\t<section class=\"elementor-section elementor-top-section elementor-element elementor-element-249efc7 elementor-section-boxed elementor-section-height-default elementor-section-height-default\" data-id=\"249efc7\" data-element_type=\"section\" data-e-type=\"section\">\n\t\t\t\t\t\t<div class=\"elementor-container elementor-column-gap-default\">\n\t\t\t\t\t<div class=\"elementor-column elementor-col-100 elementor-top-column elementor-element elementor-element-6a9ed4e\" data-id=\"6a9ed4e\" data-element_type=\"column\" data-e-type=\"column\">\n\t\t\t<div class=\"elementor-widget-wrap elementor-element-populated\">\n\t\t\t\t\t\t<div class=\"elementor-element elementor-element-f804b16 elementor-widget elementor-widget-heading\" data-id=\"f804b16\" data-element_type=\"widget\" data-e-type=\"widget\" id=\"tacte\" data-widget_type=\"heading.default\">\n\t\t\t\t<div class=\"elementor-widget-container\">\n\t\t\t\t\t<h2 class=\"elementor-heading-title elementor-size-default\">Tacto rectal<\/h2>\t\t\t\t<\/div>\n\t\t\t\t<\/div>\n\t\t\t\t<div class=\"elementor-element elementor-element-bdbeb25 elementor-widget elementor-widget-text-editor\" data-id=\"bdbeb25\" data-element_type=\"widget\" data-e-type=\"widget\" data-widget_type=\"text-editor.default\">\n\t\t\t\t<div class=\"elementor-widget-container\">\n\t\t\t\t\t\t\t\t\t<p>Consiste en un examen del recto. El doctor en cuesti\u00f3n introduce un dedo protegido con un guante lubricado a trav\u00e9s del recto en busca de masas o \u00e1reas anormales.<\/p>\t\t\t\t\t\t\t\t<\/div>\n\t\t\t\t<\/div>\n\t\t\t\t\t<\/div>\n\t\t<\/div>\n\t\t\t\t\t<\/div>\n\t\t<\/section>\n\t\t\t\t<\/div>\n\t\t","protected":false},"excerpt":{"rendered":"<p>M\u00e9todos Diagn\u00f3sticos Autor\/es: Dr. Javier Nebreda, Dra. Dolores Maluenda Colomer Sigmoidoscopia flexible Esta t\u00e9cnica consiste en introducir un tubo delgado con luz a trav\u00e9s del recto hasta unos 60 cent\u00edmetros en busca de p\u00f3lipos, \u00e1reas anormales y c\u00e1ncer. Esta t\u00e9cnica permite diagnosticar m\u00e1s de la mitad de todos los c\u00e1nceres de colon y tomar biopsias [&hellip;]<\/p>\n","protected":false},"author":1,"featured_media":0,"parent":0,"menu_order":0,"comment_status":"closed","ping_status":"closed","template":"","meta":{"give_campaign_id":0,"footnotes":""},"class_list":["post-5487","page","type-page","status-publish","hentry"],"campaignId":"","_links":{"self":[{"href":"https:\/\/www.fundacioolgatorres.org\/es\/wp-json\/wp\/v2\/pages\/5487","targetHints":{"allow":["GET"]}}],"collection":[{"href":"https:\/\/www.fundacioolgatorres.org\/es\/wp-json\/wp\/v2\/pages"}],"about":[{"href":"https:\/\/www.fundacioolgatorres.org\/es\/wp-json\/wp\/v2\/types\/page"}],"author":[{"embeddable":true,"href":"https:\/\/www.fundacioolgatorres.org\/es\/wp-json\/wp\/v2\/users\/1"}],"replies":[{"embeddable":true,"href":"https:\/\/www.fundacioolgatorres.org\/es\/wp-json\/wp\/v2\/comments?post=5487"}],"version-history":[{"count":0,"href":"https:\/\/www.fundacioolgatorres.org\/es\/wp-json\/wp\/v2\/pages\/5487\/revisions"}],"wp:attachment":[{"href":"https:\/\/www.fundacioolgatorres.org\/es\/wp-json\/wp\/v2\/media?parent=5487"}],"curies":[{"name":"wp","href":"https:\/\/api.w.org\/{rel}","templated":true}]}}