{"id":5449,"date":"2022-03-08T14:38:04","date_gmt":"2022-03-08T14:38:04","guid":{"rendered":"https:\/\/www.fundacioolgatorres.org\/estadificacion\/"},"modified":"2022-03-08T14:38:04","modified_gmt":"2022-03-08T14:38:04","slug":"estadificacion","status":"publish","type":"page","link":"https:\/\/www.fundacioolgatorres.org\/es\/estadificacion\/","title":{"rendered":"Estadificaci\u00f3n"},"content":{"rendered":"\t\t<div data-elementor-type=\"wp-page\" data-elementor-id=\"5449\" class=\"elementor elementor-5449 elementor-1670\" data-elementor-post-type=\"page\">\n\t\t\t\t\t\t<section class=\"elementor-section elementor-top-section elementor-element elementor-element-40f4acc elementor-section-boxed elementor-section-height-default elementor-section-height-default\" data-id=\"40f4acc\" data-element_type=\"section\" data-e-type=\"section\">\n\t\t\t\t\t\t<div class=\"elementor-container elementor-column-gap-default\">\n\t\t\t\t\t<div class=\"elementor-column elementor-col-100 elementor-top-column elementor-element elementor-element-1a254c0\" data-id=\"1a254c0\" data-element_type=\"column\" data-e-type=\"column\">\n\t\t\t<div class=\"elementor-widget-wrap elementor-element-populated\">\n\t\t\t\t\t\t<div class=\"elementor-element elementor-element-7e765ff elementor-widget elementor-widget-spacer\" data-id=\"7e765ff\" data-element_type=\"widget\" data-e-type=\"widget\" data-widget_type=\"spacer.default\">\n\t\t\t\t<div class=\"elementor-widget-container\">\n\t\t\t\t\t\t\t<div class=\"elementor-spacer\">\n\t\t\t<div class=\"elementor-spacer-inner\"><\/div>\n\t\t<\/div>\n\t\t\t\t\t\t<\/div>\n\t\t\t\t<\/div>\n\t\t\t\t\t<\/div>\n\t\t<\/div>\n\t\t\t\t\t<\/div>\n\t\t<\/section>\n\t\t\t\t<section class=\"elementor-section elementor-top-section elementor-element elementor-element-5ec11b0 elementor-section-boxed elementor-section-height-default elementor-section-height-default\" data-id=\"5ec11b0\" data-element_type=\"section\" data-e-type=\"section\">\n\t\t\t\t\t\t<div class=\"elementor-container elementor-column-gap-default\">\n\t\t\t\t\t<div class=\"elementor-column elementor-col-100 elementor-top-column elementor-element elementor-element-db5ff56\" data-id=\"db5ff56\" data-element_type=\"column\" data-e-type=\"column\">\n\t\t\t<div class=\"elementor-widget-wrap elementor-element-populated\">\n\t\t\t\t\t\t<div class=\"elementor-element elementor-element-d3c93a4 elementor-widget elementor-widget-heading\" data-id=\"d3c93a4\" data-element_type=\"widget\" data-e-type=\"widget\" data-widget_type=\"heading.default\">\n\t\t\t\t<div class=\"elementor-widget-container\">\n\t\t\t\t\t<h2 class=\"elementor-heading-title elementor-size-default\">Estadificaci\u00f3n\n<\/h2>\t\t\t\t<\/div>\n\t\t\t\t<\/div>\n\t\t\t\t\t<\/div>\n\t\t<\/div>\n\t\t\t\t\t<\/div>\n\t\t<\/section>\n\t\t\t\t<section class=\"elementor-section elementor-top-section elementor-element elementor-element-bfdc948 elementor-section-boxed elementor-section-height-default elementor-section-height-default\" data-id=\"bfdc948\" data-element_type=\"section\" data-e-type=\"section\">\n\t\t\t\t\t\t<div class=\"elementor-container elementor-column-gap-default\">\n\t\t\t\t\t<div class=\"elementor-column elementor-col-100 elementor-top-column elementor-element elementor-element-1ce114e\" data-id=\"1ce114e\" data-element_type=\"column\" data-e-type=\"column\">\n\t\t\t<div class=\"elementor-widget-wrap elementor-element-populated\">\n\t\t\t\t\t\t<div class=\"elementor-element elementor-element-143c127 elementor-widget elementor-widget-heading\" data-id=\"143c127\" data-element_type=\"widget\" data-e-type=\"widget\" data-widget_type=\"heading.default\">\n\t\t\t\t<div class=\"elementor-widget-container\">\n\t\t\t\t\t<h2 class=\"elementor-heading-title elementor-size-large\">Autor: Dr. Francesc Tresserra i Casas<\/h2>\t\t\t\t<\/div>\n\t\t\t\t<\/div>\n\t\t\t\t\t<\/div>\n\t\t<\/div>\n\t\t\t\t\t<\/div>\n\t\t<\/section>\n\t\t\t\t<section class=\"elementor-section elementor-top-section elementor-element elementor-element-ef7d2d9 elementor-section-boxed elementor-section-height-default elementor-section-height-default\" data-id=\"ef7d2d9\" data-element_type=\"section\" data-e-type=\"section\">\n\t\t\t\t\t\t<div class=\"elementor-container elementor-column-gap-default\">\n\t\t\t\t\t<div class=\"elementor-column elementor-col-100 elementor-top-column elementor-element elementor-element-1c0c85c\" data-id=\"1c0c85c\" data-element_type=\"column\" data-e-type=\"column\">\n\t\t\t<div class=\"elementor-widget-wrap elementor-element-populated\">\n\t\t\t\t\t\t<div class=\"elementor-element elementor-element-88c7ce4 elementor-widget elementor-widget-heading\" data-id=\"88c7ce4\" data-element_type=\"widget\" data-e-type=\"widget\" data-widget_type=\"heading.default\">\n\t\t\t\t<div class=\"elementor-widget-container\">\n\t\t\t\t\t<h2 class=\"elementor-heading-title elementor-size-default\">\u00bfQu\u00e9 es la estadificaci\u00f3n de un tumor?\n<\/h2>\t\t\t\t<\/div>\n\t\t\t\t<\/div>\n\t\t\t\t<div class=\"elementor-element elementor-element-166939c elementor-widget elementor-widget-text-editor\" data-id=\"166939c\" data-element_type=\"widget\" data-e-type=\"widget\" data-widget_type=\"text-editor.default\">\n\t\t\t\t<div class=\"elementor-widget-container\">\n\t\t\t\t\t\t\t\t\t<p>La estadificaci\u00f3n de un tumor es un sistema reconocido internacionalmente que permite resumir en tres categor\u00edas las caracter\u00edsticas del tumor. Este sistema ha sido dise\u00f1ado por la Uni\u00f3n Internacional Contra el C\u00e1ncer y se conoce con las siglas de TNM, en el que la T expresa el tama\u00f1o o la extensi\u00f3n del tumor en el \u00f3rgano en el que asienta, la N expresa la afectaci\u00f3n de los ganglios linf\u00e1ticos regionales y la M la presencia de met\u00e1stasis a distancia.<\/p><p>Mediante este sistema se consigue que las principales caracter\u00edsticas que definir\u00e1n el pron\u00f3stico de un tumor puedan ser interpretadas de forma correcta por cualquier facultativo que tenga que tratar al paciente.<\/p>\t\t\t\t\t\t\t\t<\/div>\n\t\t\t\t<\/div>\n\t\t\t\t\t<\/div>\n\t\t<\/div>\n\t\t\t\t\t<\/div>\n\t\t<\/section>\n\t\t\t\t<section class=\"elementor-section elementor-top-section elementor-element elementor-element-5fc65f6 elementor-section-boxed elementor-section-height-default elementor-section-height-default\" data-id=\"5fc65f6\" data-element_type=\"section\" data-e-type=\"section\">\n\t\t\t\t\t\t<div class=\"elementor-container elementor-column-gap-default\">\n\t\t\t\t\t<div class=\"elementor-column elementor-col-100 elementor-top-column elementor-element elementor-element-dae1f76\" data-id=\"dae1f76\" data-element_type=\"column\" data-e-type=\"column\">\n\t\t\t<div class=\"elementor-widget-wrap elementor-element-populated\">\n\t\t\t\t\t\t<div class=\"elementor-element elementor-element-05a7650 elementor-widget elementor-widget-heading\" data-id=\"05a7650\" data-element_type=\"widget\" data-e-type=\"widget\" data-widget_type=\"heading.default\">\n\t\t\t\t<div class=\"elementor-widget-container\">\n\t\t\t\t\t<h2 class=\"elementor-heading-title elementor-size-default\">\u00bfCu\u00e1l es la estadificaci\u00f3n del c\u00e1ncer colorrectal?\n<\/h2>\t\t\t\t<\/div>\n\t\t\t\t<\/div>\n\t\t\t\t<div class=\"elementor-element elementor-element-eabb646 elementor-widget elementor-widget-text-editor\" data-id=\"eabb646\" data-element_type=\"widget\" data-e-type=\"widget\" data-widget_type=\"text-editor.default\">\n\t\t\t\t<div class=\"elementor-widget-container\">\n\t\t\t\t\t\t\t\t\t<p>Categor\u00eda T (Tumor primario)<\/p><p>Tx: No se ha encontrado un tumor primario.<\/p><p>T0: No hay evidencias de un tumor primario.<\/p><p>Tis: Carcinoma in situ: Lesi\u00f3n intraepitelial o invadiendo la l\u00e1mina propia.*<\/p><p>T1: El tumor invade la submucosa.<\/p><p>T2: El tumor invade la muscular propia.<\/p><p>T3: El tumor sobrepasa la de la muscular propia e invade la subserosa o el tejido pericol\u00f3nico o perirrectal desprovisto de peritoneo.<\/p><p>T4: El tumor invade directamente otros \u00f3rganos o estructuras y\/o perfora el peritoneo visceral.**<\/p><p>* El Tis incluye la presencia de c\u00e9lulas tumorales en la membrana basal glandular (intraepitelial) o en la l\u00e1mina propia (intramucoso) sin extensi\u00f3n a trav\u00e9s de la muscularis mucosa.<\/p><p>** La invasi\u00f3n directa en el T4 incluye la invasi\u00f3n de otros segmentos colorrectales a trav\u00e9s de la serosa. Cualquier tumor que se adhiera macrosc\u00f3picamente a otros \u00f3rganos o estructuras se clasifica como un T4, sin embargo si microsc\u00f3picamente no hay evidencias de c\u00e9lulas tumorales en la adherencia se clasificar\u00e1 como un pT3.<\/p><p>Categor\u00eda N (ganglios linf\u00e1ticos regionales)<\/p><p>Nx: No se han estudiado los ganglios linf\u00e1ticos regionales.<\/p><p>N0: No hay met\u00e1stasis en los ganglios linf\u00e1ticos regionales.<\/p><p>N1: Met\u00e1stasis en 1 a 3 ganglios linf\u00e1ticos regionales.<\/p><p>N2: Met\u00e1stasis en 4 o m\u00e1s ganglios linf\u00e1ticos regionales.<\/p><p>Categor\u00eda M (Met\u00e1stasis a distancia)<\/p><p>Mx: No se han estudiado las met\u00e1stasis a distancia.<\/p><p>M0: No hay met\u00e1stasis a distancia.<\/p><p>M1: Presencia de met\u00e1stasis a distancia.<\/p><p>Referencia Sobin LH, Wittekind Ch. TNM classification of malignant tumors. Wiley-Liss: New York, 2002:72-76.<\/p>\t\t\t\t\t\t\t\t<\/div>\n\t\t\t\t<\/div>\n\t\t\t\t\t<\/div>\n\t\t<\/div>\n\t\t\t\t\t<\/div>\n\t\t<\/section>\n\t\t\t\t<section class=\"elementor-section elementor-top-section elementor-element elementor-element-1d5843a elementor-section-boxed elementor-section-height-default elementor-section-height-default\" data-id=\"1d5843a\" data-element_type=\"section\" data-e-type=\"section\">\n\t\t\t\t\t\t<div class=\"elementor-container elementor-column-gap-default\">\n\t\t\t\t\t<div class=\"elementor-column elementor-col-100 elementor-top-column elementor-element elementor-element-15a29fc\" data-id=\"15a29fc\" data-element_type=\"column\" data-e-type=\"column\">\n\t\t\t<div class=\"elementor-widget-wrap elementor-element-populated\">\n\t\t\t\t\t\t<div class=\"elementor-element elementor-element-440c109 elementor-widget elementor-widget-spacer\" data-id=\"440c109\" data-element_type=\"widget\" data-e-type=\"widget\" data-widget_type=\"spacer.default\">\n\t\t\t\t<div class=\"elementor-widget-container\">\n\t\t\t\t\t\t\t<div class=\"elementor-spacer\">\n\t\t\t<div class=\"elementor-spacer-inner\"><\/div>\n\t\t<\/div>\n\t\t\t\t\t\t<\/div>\n\t\t\t\t<\/div>\n\t\t\t\t\t<\/div>\n\t\t<\/div>\n\t\t\t\t\t<\/div>\n\t\t<\/section>\n\t\t\t\t<\/div>\n\t\t","protected":false},"excerpt":{"rendered":"<p>Estadificaci\u00f3n Autor: Dr. Francesc Tresserra i Casas \u00bfQu\u00e9 es la estadificaci\u00f3n de un tumor? La estadificaci\u00f3n de un tumor es un sistema reconocido internacionalmente que permite resumir en tres categor\u00edas las caracter\u00edsticas del tumor. Este sistema ha sido dise\u00f1ado por la Uni\u00f3n Internacional Contra el C\u00e1ncer y se conoce con las siglas de TNM, en [&hellip;]<\/p>\n","protected":false},"author":1,"featured_media":0,"parent":0,"menu_order":0,"comment_status":"closed","ping_status":"closed","template":"","meta":{"give_campaign_id":0,"footnotes":""},"class_list":["post-5449","page","type-page","status-publish","hentry"],"campaignId":"","_links":{"self":[{"href":"https:\/\/www.fundacioolgatorres.org\/es\/wp-json\/wp\/v2\/pages\/5449","targetHints":{"allow":["GET"]}}],"collection":[{"href":"https:\/\/www.fundacioolgatorres.org\/es\/wp-json\/wp\/v2\/pages"}],"about":[{"href":"https:\/\/www.fundacioolgatorres.org\/es\/wp-json\/wp\/v2\/types\/page"}],"author":[{"embeddable":true,"href":"https:\/\/www.fundacioolgatorres.org\/es\/wp-json\/wp\/v2\/users\/1"}],"replies":[{"embeddable":true,"href":"https:\/\/www.fundacioolgatorres.org\/es\/wp-json\/wp\/v2\/comments?post=5449"}],"version-history":[{"count":0,"href":"https:\/\/www.fundacioolgatorres.org\/es\/wp-json\/wp\/v2\/pages\/5449\/revisions"}],"wp:attachment":[{"href":"https:\/\/www.fundacioolgatorres.org\/es\/wp-json\/wp\/v2\/media?parent=5449"}],"curies":[{"name":"wp","href":"https:\/\/api.w.org\/{rel}","templated":true}]}}