{"id":5321,"date":"2022-03-07T15:01:44","date_gmt":"2022-03-07T15:01:44","guid":{"rendered":"https:\/\/www.fundacioolgatorres.org\/dra-carme-valls-llobet\/"},"modified":"2022-03-22T10:40:23","modified_gmt":"2022-03-22T10:40:23","slug":"dra-carme-valls-llobet","status":"publish","type":"page","link":"https:\/\/www.fundacioolgatorres.org\/es\/dra-carme-valls-llobet\/","title":{"rendered":"Dra. Carme Valls Llobet"},"content":{"rendered":"\t\t<div data-elementor-type=\"wp-page\" data-elementor-id=\"5321\" class=\"elementor elementor-5321 elementor-3866\" data-elementor-post-type=\"page\">\n\t\t\t\t\t\t<section class=\"elementor-section elementor-top-section elementor-element elementor-element-40f4acc elementor-section-boxed elementor-section-height-default elementor-section-height-default\" data-id=\"40f4acc\" data-element_type=\"section\" data-e-type=\"section\">\n\t\t\t\t\t\t<div class=\"elementor-container elementor-column-gap-default\">\n\t\t\t\t\t<div class=\"elementor-column elementor-col-100 elementor-top-column elementor-element elementor-element-1a254c0\" data-id=\"1a254c0\" data-element_type=\"column\" data-e-type=\"column\">\n\t\t\t<div class=\"elementor-widget-wrap elementor-element-populated\">\n\t\t\t\t\t\t<div class=\"elementor-element elementor-element-7e765ff elementor-widget elementor-widget-spacer\" data-id=\"7e765ff\" data-element_type=\"widget\" data-e-type=\"widget\" data-widget_type=\"spacer.default\">\n\t\t\t\t<div class=\"elementor-widget-container\">\n\t\t\t\t\t\t\t<div class=\"elementor-spacer\">\n\t\t\t<div class=\"elementor-spacer-inner\"><\/div>\n\t\t<\/div>\n\t\t\t\t\t\t<\/div>\n\t\t\t\t<\/div>\n\t\t\t\t\t<\/div>\n\t\t<\/div>\n\t\t\t\t\t<\/div>\n\t\t<\/section>\n\t\t\t\t<section class=\"elementor-section elementor-top-section elementor-element elementor-element-e99e4e0 elementor-section-boxed elementor-section-height-default elementor-section-height-default\" data-id=\"e99e4e0\" data-element_type=\"section\" data-e-type=\"section\">\n\t\t\t\t\t\t<div class=\"elementor-container elementor-column-gap-default\">\n\t\t\t\t\t<div class=\"elementor-column elementor-col-50 elementor-top-column elementor-element elementor-element-4f2946f\" data-id=\"4f2946f\" data-element_type=\"column\" data-e-type=\"column\">\n\t\t\t<div class=\"elementor-widget-wrap elementor-element-populated\">\n\t\t\t\t\t\t<div class=\"elementor-element elementor-element-712e5c0 elementor-widget elementor-widget-spacer\" data-id=\"712e5c0\" data-element_type=\"widget\" data-e-type=\"widget\" data-widget_type=\"spacer.default\">\n\t\t\t\t<div class=\"elementor-widget-container\">\n\t\t\t\t\t\t\t<div class=\"elementor-spacer\">\n\t\t\t<div class=\"elementor-spacer-inner\"><\/div>\n\t\t<\/div>\n\t\t\t\t\t\t<\/div>\n\t\t\t\t<\/div>\n\t\t\t\t<div class=\"elementor-element elementor-element-d3c93a4 elementor-widget elementor-widget-heading\" data-id=\"d3c93a4\" data-element_type=\"widget\" data-e-type=\"widget\" data-widget_type=\"heading.default\">\n\t\t\t\t<div class=\"elementor-widget-container\">\n\t\t\t\t\t<h2 class=\"elementor-heading-title elementor-size-default\">Dra. Carme Valls Llobet<\/h2>\t\t\t\t<\/div>\n\t\t\t\t<\/div>\n\t\t\t\t<div class=\"elementor-element elementor-element-4b49ab2 elementor-widget elementor-widget-heading\" data-id=\"4b49ab2\" data-element_type=\"widget\" data-e-type=\"widget\" data-widget_type=\"heading.default\">\n\t\t\t\t<div class=\"elementor-widget-container\">\n\t\t\t\t\t<h2 class=\"elementor-heading-title elementor-size-large\">Doctora en medicina y cirug\u00eda\n\n<\/h2>\t\t\t\t<\/div>\n\t\t\t\t<\/div>\n\t\t\t\t\t<\/div>\n\t\t<\/div>\n\t\t\t\t<div class=\"elementor-column elementor-col-50 elementor-top-column elementor-element elementor-element-392cb82\" data-id=\"392cb82\" data-element_type=\"column\" data-e-type=\"column\">\n\t\t\t<div class=\"elementor-widget-wrap elementor-element-populated\">\n\t\t\t\t\t\t<div class=\"elementor-element elementor-element-af96d9b elementor-widget elementor-widget-image\" data-id=\"af96d9b\" data-element_type=\"widget\" data-e-type=\"widget\" data-widget_type=\"image.default\">\n\t\t\t\t<div class=\"elementor-widget-container\">\n\t\t\t\t\t\t\t\t\t\t\t\t\t\t\t<img fetchpriority=\"high\" decoding=\"async\" width=\"300\" height=\"375\" src=\"https:\/\/www.fundacioolgatorres.org\/wp-content\/uploads\/2022\/02\/carme-valls-comite.jpg\" class=\"attachment-large size-large wp-image-4780\" alt=\"\" srcset=\"https:\/\/www.fundacioolgatorres.org\/wp-content\/uploads\/2022\/02\/carme-valls-comite.jpg 300w, https:\/\/www.fundacioolgatorres.org\/wp-content\/uploads\/2022\/02\/carme-valls-comite-240x300.jpg 240w\" sizes=\"(max-width: 300px) 100vw, 300px\" \/>\t\t\t\t\t\t\t\t\t\t\t\t\t\t\t<\/div>\n\t\t\t\t<\/div>\n\t\t\t\t\t<\/div>\n\t\t<\/div>\n\t\t\t\t\t<\/div>\n\t\t<\/section>\n\t\t\t\t<section class=\"elementor-section elementor-top-section elementor-element elementor-element-ef7d2d9 elementor-section-boxed elementor-section-height-default elementor-section-height-default\" data-id=\"ef7d2d9\" data-element_type=\"section\" data-e-type=\"section\">\n\t\t\t\t\t\t<div class=\"elementor-container elementor-column-gap-default\">\n\t\t\t\t\t<div class=\"elementor-column elementor-col-100 elementor-top-column elementor-element elementor-element-1c0c85c\" data-id=\"1c0c85c\" data-element_type=\"column\" data-e-type=\"column\">\n\t\t\t<div class=\"elementor-widget-wrap elementor-element-populated\">\n\t\t\t\t\t\t<div class=\"elementor-element elementor-element-166939c elementor-widget elementor-widget-text-editor\" data-id=\"166939c\" data-element_type=\"widget\" data-e-type=\"widget\" data-widget_type=\"text-editor.default\">\n\t\t\t\t<div class=\"elementor-widget-container\">\n\t\t\t\t\t\t\t\t\t<p>Profesora en la Universidad de Barcelona. Dirige el programa Mujer, salud y calidad de vida del CAPS (Centre de An\u00e1lisis y Programes Sanitarios).<\/p><p>Su actividad de investigaci\u00f3n se centra en el estr\u00e9s, la menopausia y el dolor.<\/p><p>Su actividad en el campo de la divulgaci\u00f3n es significativa: dirige la edici\u00f3n, des de 1996, de una revista sobre mujeres y salud (MYS mys.matriz.net), ha impartido diversas conferencias y ponencias \u2014 entre las cuales el Congreso sobre Mujer, Trabajo y Salud, de la cual ha sido directora\u2014, ha editado diversos libros y dirigi\u00f3 la colecci\u00f3n \u201cSalud y Calidad de Vida\u201d de Circulo de Lectores.<\/p><p>Es miembro de diversas sociedades internacionales y nacionales, entre las cuales: Endocrinolog\u00eda y Nutrici\u00f3n, Women\u2019sHealth&amp;Gender-Based Medicine Society, Sociedad de Medicina Interna y de Endocrinolog\u00eda y Nutrici\u00f3n Catalana y Espa\u00f1ola o la Red de Investigaci\u00f3n en G\u00e9nero y Salud (RISC).<\/p>\t\t\t\t\t\t\t\t<\/div>\n\t\t\t\t<\/div>\n\t\t\t\t<div class=\"elementor-element elementor-element-18158fc elementor-position-inline-start elementor-view-default elementor-mobile-position-block-start elementor-widget elementor-widget-icon-box\" data-id=\"18158fc\" data-element_type=\"widget\" data-e-type=\"widget\" data-widget_type=\"icon-box.default\">\n\t\t\t\t<div class=\"elementor-widget-container\">\n\t\t\t\t\t\t\t<div class=\"elementor-icon-box-wrapper\">\n\n\t\t\t\t\t\t<div class=\"elementor-icon-box-icon\">\n\t\t\t\t<a href=\"https:\/\/www.fundacioolgatorres.org\/wp-content\/uploads\/2022\/03\/Carme-Valls_castellano.pdf\" class=\"elementor-icon\" tabindex=\"-1\" aria-label=\"Curr\u00edculum completo\">\n\t\t\t\t<i aria-hidden=\"true\" class=\"far fa-file-pdf\"><\/i>\t\t\t\t<\/a>\n\t\t\t<\/div>\n\t\t\t\n\t\t\t\t\t\t<div class=\"elementor-icon-box-content\">\n\n\t\t\t\t\t\t\t\t\t<h3 class=\"elementor-icon-box-title\">\n\t\t\t\t\t\t<a href=\"https:\/\/www.fundacioolgatorres.org\/wp-content\/uploads\/2022\/03\/Carme-Valls_castellano.pdf\" >\n\t\t\t\t\t\t\tCurr\u00edculum completo\t\t\t\t\t\t<\/a>\n\t\t\t\t\t<\/h3>\n\t\t\t\t\n\t\t\t\t\n\t\t\t<\/div>\n\t\t\t\n\t\t<\/div>\n\t\t\t\t\t\t<\/div>\n\t\t\t\t<\/div>\n\t\t\t\t\t<\/div>\n\t\t<\/div>\n\t\t\t\t\t<\/div>\n\t\t<\/section>\n\t\t\t\t<section class=\"elementor-section elementor-top-section elementor-element elementor-element-1d5843a elementor-section-boxed elementor-section-height-default elementor-section-height-default\" data-id=\"1d5843a\" data-element_type=\"section\" data-e-type=\"section\">\n\t\t\t\t\t\t<div class=\"elementor-container elementor-column-gap-default\">\n\t\t\t\t\t<div class=\"elementor-column elementor-col-100 elementor-top-column elementor-element elementor-element-15a29fc\" data-id=\"15a29fc\" data-element_type=\"column\" data-e-type=\"column\">\n\t\t\t<div class=\"elementor-widget-wrap elementor-element-populated\">\n\t\t\t\t\t\t<div class=\"elementor-element elementor-element-440c109 elementor-widget elementor-widget-spacer\" data-id=\"440c109\" data-element_type=\"widget\" data-e-type=\"widget\" data-widget_type=\"spacer.default\">\n\t\t\t\t<div class=\"elementor-widget-container\">\n\t\t\t\t\t\t\t<div class=\"elementor-spacer\">\n\t\t\t<div class=\"elementor-spacer-inner\"><\/div>\n\t\t<\/div>\n\t\t\t\t\t\t<\/div>\n\t\t\t\t<\/div>\n\t\t\t\t\t<\/div>\n\t\t<\/div>\n\t\t\t\t\t<\/div>\n\t\t<\/section>\n\t\t\t\t<\/div>\n\t\t","protected":false},"excerpt":{"rendered":"<p>Dra. Carme Valls Llobet Doctora en medicina y cirug\u00eda Profesora en la Universidad de Barcelona. Dirige el programa Mujer, salud y calidad de vida del CAPS (Centre de An\u00e1lisis y Programes Sanitarios). Su actividad de investigaci\u00f3n se centra en el estr\u00e9s, la menopausia y el dolor. Su actividad en el campo de la divulgaci\u00f3n es [&hellip;]<\/p>\n","protected":false},"author":1,"featured_media":0,"parent":0,"menu_order":0,"comment_status":"closed","ping_status":"closed","template":"","meta":{"give_campaign_id":0,"footnotes":""},"class_list":["post-5321","page","type-page","status-publish","hentry"],"campaignId":"","_links":{"self":[{"href":"https:\/\/www.fundacioolgatorres.org\/es\/wp-json\/wp\/v2\/pages\/5321","targetHints":{"allow":["GET"]}}],"collection":[{"href":"https:\/\/www.fundacioolgatorres.org\/es\/wp-json\/wp\/v2\/pages"}],"about":[{"href":"https:\/\/www.fundacioolgatorres.org\/es\/wp-json\/wp\/v2\/types\/page"}],"author":[{"embeddable":true,"href":"https:\/\/www.fundacioolgatorres.org\/es\/wp-json\/wp\/v2\/users\/1"}],"replies":[{"embeddable":true,"href":"https:\/\/www.fundacioolgatorres.org\/es\/wp-json\/wp\/v2\/comments?post=5321"}],"version-history":[{"count":0,"href":"https:\/\/www.fundacioolgatorres.org\/es\/wp-json\/wp\/v2\/pages\/5321\/revisions"}],"wp:attachment":[{"href":"https:\/\/www.fundacioolgatorres.org\/es\/wp-json\/wp\/v2\/media?parent=5321"}],"curies":[{"name":"wp","href":"https:\/\/api.w.org\/{rel}","templated":true}]}}