{"id":5310,"date":"2022-03-07T09:39:19","date_gmt":"2022-03-07T09:39:19","guid":{"rendered":"https:\/\/www.fundacioolgatorres.org\/dr-bernat-soria-escoms\/"},"modified":"2022-03-22T10:20:03","modified_gmt":"2022-03-22T10:20:03","slug":"dr-bernat-soria-escoms","status":"publish","type":"page","link":"https:\/\/www.fundacioolgatorres.org\/es\/dr-bernat-soria-escoms\/","title":{"rendered":"Dr. Bernat Soria Escoms"},"content":{"rendered":"\t\t<div data-elementor-type=\"wp-page\" data-elementor-id=\"5310\" class=\"elementor elementor-5310 elementor-3857\" data-elementor-post-type=\"page\">\n\t\t\t\t\t\t<section class=\"elementor-section elementor-top-section elementor-element elementor-element-40f4acc elementor-section-boxed elementor-section-height-default elementor-section-height-default\" data-id=\"40f4acc\" data-element_type=\"section\" data-e-type=\"section\">\n\t\t\t\t\t\t<div class=\"elementor-container elementor-column-gap-default\">\n\t\t\t\t\t<div class=\"elementor-column elementor-col-100 elementor-top-column elementor-element elementor-element-1a254c0\" data-id=\"1a254c0\" data-element_type=\"column\" data-e-type=\"column\">\n\t\t\t<div class=\"elementor-widget-wrap elementor-element-populated\">\n\t\t\t\t\t\t<div class=\"elementor-element elementor-element-7e765ff elementor-widget elementor-widget-spacer\" data-id=\"7e765ff\" data-element_type=\"widget\" data-e-type=\"widget\" data-widget_type=\"spacer.default\">\n\t\t\t\t<div class=\"elementor-widget-container\">\n\t\t\t\t\t\t\t<div class=\"elementor-spacer\">\n\t\t\t<div class=\"elementor-spacer-inner\"><\/div>\n\t\t<\/div>\n\t\t\t\t\t\t<\/div>\n\t\t\t\t<\/div>\n\t\t\t\t\t<\/div>\n\t\t<\/div>\n\t\t\t\t\t<\/div>\n\t\t<\/section>\n\t\t\t\t<section class=\"elementor-section elementor-top-section elementor-element elementor-element-e99e4e0 elementor-section-boxed elementor-section-height-default elementor-section-height-default\" data-id=\"e99e4e0\" data-element_type=\"section\" data-e-type=\"section\">\n\t\t\t\t\t\t<div class=\"elementor-container elementor-column-gap-default\">\n\t\t\t\t\t<div class=\"elementor-column elementor-col-50 elementor-top-column elementor-element elementor-element-4f2946f\" data-id=\"4f2946f\" data-element_type=\"column\" data-e-type=\"column\">\n\t\t\t<div class=\"elementor-widget-wrap elementor-element-populated\">\n\t\t\t\t\t\t<div class=\"elementor-element elementor-element-712e5c0 elementor-widget elementor-widget-spacer\" data-id=\"712e5c0\" data-element_type=\"widget\" data-e-type=\"widget\" data-widget_type=\"spacer.default\">\n\t\t\t\t<div class=\"elementor-widget-container\">\n\t\t\t\t\t\t\t<div class=\"elementor-spacer\">\n\t\t\t<div class=\"elementor-spacer-inner\"><\/div>\n\t\t<\/div>\n\t\t\t\t\t\t<\/div>\n\t\t\t\t<\/div>\n\t\t\t\t<div class=\"elementor-element elementor-element-d3c93a4 elementor-widget elementor-widget-heading\" data-id=\"d3c93a4\" data-element_type=\"widget\" data-e-type=\"widget\" data-widget_type=\"heading.default\">\n\t\t\t\t<div class=\"elementor-widget-container\">\n\t\t\t\t\t<h2 class=\"elementor-heading-title elementor-size-default\">Dr. Bernat Soria Escoms<\/h2>\t\t\t\t<\/div>\n\t\t\t\t<\/div>\n\t\t\t\t<div class=\"elementor-element elementor-element-4b49ab2 elementor-widget elementor-widget-heading\" data-id=\"4b49ab2\" data-element_type=\"widget\" data-e-type=\"widget\" data-widget_type=\"heading.default\">\n\t\t\t\t<div class=\"elementor-widget-container\">\n\t\t\t\t\t<h2 class=\"elementor-heading-title elementor-size-large\">Doctor en medicina<br>\nCatedr\u00e1tico de fisiolog\u00eda<br>\nInvestigador\n\n<\/h2>\t\t\t\t<\/div>\n\t\t\t\t<\/div>\n\t\t\t\t\t<\/div>\n\t\t<\/div>\n\t\t\t\t<div class=\"elementor-column elementor-col-50 elementor-top-column elementor-element elementor-element-392cb82\" data-id=\"392cb82\" data-element_type=\"column\" data-e-type=\"column\">\n\t\t\t<div class=\"elementor-widget-wrap elementor-element-populated\">\n\t\t\t\t\t\t<div class=\"elementor-element elementor-element-af96d9b elementor-widget elementor-widget-image\" data-id=\"af96d9b\" data-element_type=\"widget\" data-e-type=\"widget\" data-widget_type=\"image.default\">\n\t\t\t\t<div class=\"elementor-widget-container\">\n\t\t\t\t\t\t\t\t\t\t\t\t\t\t\t<img fetchpriority=\"high\" decoding=\"async\" width=\"300\" height=\"375\" src=\"https:\/\/www.fundacioolgatorres.org\/wp-content\/uploads\/2022\/02\/bernat-soria-comite.jpg\" class=\"attachment-large size-large wp-image-4774\" alt=\"\" srcset=\"https:\/\/www.fundacioolgatorres.org\/wp-content\/uploads\/2022\/02\/bernat-soria-comite.jpg 300w, https:\/\/www.fundacioolgatorres.org\/wp-content\/uploads\/2022\/02\/bernat-soria-comite-240x300.jpg 240w\" sizes=\"(max-width: 300px) 100vw, 300px\" \/>\t\t\t\t\t\t\t\t\t\t\t\t\t\t\t<\/div>\n\t\t\t\t<\/div>\n\t\t\t\t\t<\/div>\n\t\t<\/div>\n\t\t\t\t\t<\/div>\n\t\t<\/section>\n\t\t\t\t<section class=\"elementor-section elementor-top-section elementor-element elementor-element-ef7d2d9 elementor-section-boxed elementor-section-height-default elementor-section-height-default\" data-id=\"ef7d2d9\" data-element_type=\"section\" data-e-type=\"section\">\n\t\t\t\t\t\t<div class=\"elementor-container elementor-column-gap-default\">\n\t\t\t\t\t<div class=\"elementor-column elementor-col-100 elementor-top-column elementor-element elementor-element-1c0c85c\" data-id=\"1c0c85c\" data-element_type=\"column\" data-e-type=\"column\">\n\t\t\t<div class=\"elementor-widget-wrap elementor-element-populated\">\n\t\t\t\t\t\t<div class=\"elementor-element elementor-element-166939c elementor-widget elementor-widget-text-editor\" data-id=\"166939c\" data-element_type=\"widget\" data-e-type=\"widget\" data-widget_type=\"text-editor.default\">\n\t\t\t\t<div class=\"elementor-widget-container\">\n\t\t\t\t\t\t\t\t\t<p>Doctor en medicina, catedr\u00e1tico de fisiolog\u00eda y director del Instituto de Bioingenier\u00eda, Universidad Miguel Hern\u00e1ndez, de Elche. Sus responsabilidades acad\u00e9micas a escala mundial son muy amplias: coordinador de la Agencia Nacional de Evaluaci\u00f3n y Prospectiva (ANEP) (enero 1991 \u2013 febrero 1994), Associate Editor de Pfl\u00fcgers Archiv-European Journal of Physiology, Springer Verlag, miembro del Consejo Editorial de Avances en Diabetolog\u00eda, Diabetes Care Journal of Physiology and Biochemistry, Review of Diabetic Studies.<\/p><p>Desarrolla su actividad investigadora en el campo de la bioingenier\u00eda celular y tisular, biof\u00edsica del acoplamiento estimulo-secreci\u00f3n, canales i\u00f3nicos, exocitosis, calcio citos\u00f3lico, c\u00e9lula beta pancre\u00e1tica, insulina, oscilaciones en c\u00e9lulas excitables, trasplantes.<\/p><p>Su actividad en divulgaci\u00f3n es muy extensa: m\u00e1s de 100 trabajos de investigaci\u00f3n, edici\u00f3n de cuatro libros y una participaci\u00f3n muy activa en congresos, seminarios, simposios, etc., entre los cuales destacan: Conferencia en el Parlamento Europeo sobre las posibilidades terap\u00e9uticas de las c\u00e9lulas madre. Invitado por la Royal Society of Edimburgo para pronunciar una conferencia en el Scottland House (parlamentarios europeos escoceses). Ponencia en defensa de la transferencia nuclear con fines terap\u00e9uticos ante la Asamblea General de la Comisi\u00f3n de Derechos Humanos de la ONU.<\/p><p>Es miembro de diversas sociedades cient\u00edficas: presidente d\u2019EBSA (European Biophysics Societies Association), presidente de la Sociedad Espa\u00f1ola de Diabetis, miembro del Council de la International Union for Pure and Applied Biophysics, cordinador de la Biomedical Engineering Task Force (IUPAB), etc.<\/p><p>El nivel de su trabajo ha sido ampliamente reconocido con varios premios y distinciones, entre ellos la Medalla de Oro y Premio de la Real Academia Nacional de Medicina (Instituto de Espa\u00f1a), enero 1989, el Premio Nacional de Investigaci\u00f3n B\u00e1sica de la Sociedad Espa\u00f1ola de Diabetes (1998), el Premio de la Sociedad Internacional de Bio\u00e9tica y la Medalla de Andaluc\u00eda.<\/p><p>\u00a0<\/p>\t\t\t\t\t\t\t\t<\/div>\n\t\t\t\t<\/div>\n\t\t\t\t<div class=\"elementor-element elementor-element-18158fc elementor-position-inline-start elementor-view-default elementor-mobile-position-block-start elementor-widget elementor-widget-icon-box\" data-id=\"18158fc\" data-element_type=\"widget\" data-e-type=\"widget\" data-widget_type=\"icon-box.default\">\n\t\t\t\t<div class=\"elementor-widget-container\">\n\t\t\t\t\t\t\t<div class=\"elementor-icon-box-wrapper\">\n\n\t\t\t\t\t\t<div class=\"elementor-icon-box-icon\">\n\t\t\t\t<a href=\"https:\/\/www.fundacioolgatorres.org\/wp-content\/uploads\/2022\/03\/FOT.-Dr.Soria-CV-ext.esp_.pdf\" class=\"elementor-icon\" tabindex=\"-1\" aria-label=\"Curr\u00edculum completo\">\n\t\t\t\t<i aria-hidden=\"true\" class=\"far fa-file-pdf\"><\/i>\t\t\t\t<\/a>\n\t\t\t<\/div>\n\t\t\t\n\t\t\t\t\t\t<div class=\"elementor-icon-box-content\">\n\n\t\t\t\t\t\t\t\t\t<h3 class=\"elementor-icon-box-title\">\n\t\t\t\t\t\t<a href=\"https:\/\/www.fundacioolgatorres.org\/wp-content\/uploads\/2022\/03\/FOT.-Dr.Soria-CV-ext.esp_.pdf\" >\n\t\t\t\t\t\t\tCurr\u00edculum completo\t\t\t\t\t\t<\/a>\n\t\t\t\t\t<\/h3>\n\t\t\t\t\n\t\t\t\t\n\t\t\t<\/div>\n\t\t\t\n\t\t<\/div>\n\t\t\t\t\t\t<\/div>\n\t\t\t\t<\/div>\n\t\t\t\t\t<\/div>\n\t\t<\/div>\n\t\t\t\t\t<\/div>\n\t\t<\/section>\n\t\t\t\t<section class=\"elementor-section elementor-top-section elementor-element elementor-element-1d5843a elementor-section-boxed elementor-section-height-default elementor-section-height-default\" data-id=\"1d5843a\" data-element_type=\"section\" data-e-type=\"section\">\n\t\t\t\t\t\t<div class=\"elementor-container elementor-column-gap-default\">\n\t\t\t\t\t<div class=\"elementor-column elementor-col-100 elementor-top-column elementor-element elementor-element-15a29fc\" data-id=\"15a29fc\" data-element_type=\"column\" data-e-type=\"column\">\n\t\t\t<div class=\"elementor-widget-wrap elementor-element-populated\">\n\t\t\t\t\t\t<div class=\"elementor-element elementor-element-440c109 elementor-widget elementor-widget-spacer\" data-id=\"440c109\" data-element_type=\"widget\" data-e-type=\"widget\" data-widget_type=\"spacer.default\">\n\t\t\t\t<div class=\"elementor-widget-container\">\n\t\t\t\t\t\t\t<div class=\"elementor-spacer\">\n\t\t\t<div class=\"elementor-spacer-inner\"><\/div>\n\t\t<\/div>\n\t\t\t\t\t\t<\/div>\n\t\t\t\t<\/div>\n\t\t\t\t\t<\/div>\n\t\t<\/div>\n\t\t\t\t\t<\/div>\n\t\t<\/section>\n\t\t\t\t<\/div>\n\t\t","protected":false},"excerpt":{"rendered":"<p>Dr. Bernat Soria Escoms Doctor en medicina Catedr\u00e1tico de fisiolog\u00eda Investigador Doctor en medicina, catedr\u00e1tico de fisiolog\u00eda y director del Instituto de Bioingenier\u00eda, Universidad Miguel Hern\u00e1ndez, de Elche. Sus responsabilidades acad\u00e9micas a escala mundial son muy amplias: coordinador de la Agencia Nacional de Evaluaci\u00f3n y Prospectiva (ANEP) (enero 1991 \u2013 febrero 1994), Associate Editor de [&hellip;]<\/p>\n","protected":false},"author":1,"featured_media":0,"parent":0,"menu_order":0,"comment_status":"closed","ping_status":"closed","template":"","meta":{"give_campaign_id":0,"footnotes":""},"class_list":["post-5310","page","type-page","status-publish","hentry"],"campaignId":"","_links":{"self":[{"href":"https:\/\/www.fundacioolgatorres.org\/es\/wp-json\/wp\/v2\/pages\/5310","targetHints":{"allow":["GET"]}}],"collection":[{"href":"https:\/\/www.fundacioolgatorres.org\/es\/wp-json\/wp\/v2\/pages"}],"about":[{"href":"https:\/\/www.fundacioolgatorres.org\/es\/wp-json\/wp\/v2\/types\/page"}],"author":[{"embeddable":true,"href":"https:\/\/www.fundacioolgatorres.org\/es\/wp-json\/wp\/v2\/users\/1"}],"replies":[{"embeddable":true,"href":"https:\/\/www.fundacioolgatorres.org\/es\/wp-json\/wp\/v2\/comments?post=5310"}],"version-history":[{"count":0,"href":"https:\/\/www.fundacioolgatorres.org\/es\/wp-json\/wp\/v2\/pages\/5310\/revisions"}],"wp:attachment":[{"href":"https:\/\/www.fundacioolgatorres.org\/es\/wp-json\/wp\/v2\/media?parent=5310"}],"curies":[{"name":"wp","href":"https:\/\/api.w.org\/{rel}","templated":true}]}}